{"id":175,"date":"2018-01-30T21:46:47","date_gmt":"2018-01-30T20:46:47","guid":{"rendered":"http:\/\/artisanpeintre.com\/?page_id=175"},"modified":"2023-03-06T09:48:24","modified_gmt":"2023-03-06T08:48:24","slug":"page2-2","status":"publish","type":"page","link":"https:\/\/artisanpeintre.com\/index.php\/page2-2\/","title":{"rendered":"Comp\u00e9tences"},"content":{"rendered":"<p style=\"text-align: left;\"><strong><img decoding=\"async\" loading=\"lazy\" class=\"alignleft wp-image-278\" src=\"http:\/\/artisanpeintre.com\/wp-content\/uploads\/2018\/02\/cropped-logodecoetmatieres-300x300.gif\" alt=\"artisan peintre decoration peinture sur aix-en-provence\" width=\"70\" height=\"70\" srcset=\"https:\/\/artisanpeintre.com\/wp-content\/uploads\/2018\/02\/cropped-logodecoetmatieres-300x300.gif 300w, https:\/\/artisanpeintre.com\/wp-content\/uploads\/2018\/02\/cropped-logodecoetmatieres-150x150.gif 150w, https:\/\/artisanpeintre.com\/wp-content\/uploads\/2018\/02\/cropped-logodecoetmatieres-270x270.gif 270w, https:\/\/artisanpeintre.com\/wp-content\/uploads\/2018\/02\/cropped-logodecoetmatieres-192x192.gif 192w, https:\/\/artisanpeintre.com\/wp-content\/uploads\/2018\/02\/cropped-logodecoetmatieres-180x180.gif 180w, https:\/\/artisanpeintre.com\/wp-content\/uploads\/2018\/02\/cropped-logodecoetmatieres-32x32.gif 32w\" sizes=\"(max-width: 70px) 100vw, 70px\" \/>Artisan peintre<\/strong> sur Aix-en-Provence je vous propose mes <strong>services<\/strong> et mes <strong>conseils <\/strong>pour la r\u00e9alisation de vos travaux: r\u00e9novation, neuf, rafra\u00eechissement, d\u00e9g\u00e2ts des&nbsp; eaux, d\u00e9coration &#8230;<br \/>\nJ&rsquo;adapte mon intervention \u00e0 vos besoins et utilise des <a href=\"http:\/\/artisanpeintre.com\/index.php\/page1-2\"><strong>peintures de qualit\u00e9<\/strong><\/a> r\u00e9pondant aux normes et \u00e0 faible teneur en <strong>COV<\/strong>.<br \/>\nVous souhaitez faire r\u00e9aliser de<a href=\"http:\/\/artisanpeintre.com\/index.php\/page1-2\"> <strong>belles finitions<\/strong><\/a> avec un produit <strong>traditionnel<\/strong> et <strong>naturel<\/strong> \u00e0 base de <strong>chaux <\/strong>(badigeons et laits de chaux, peintures, enduits, stucs, tadelakt, marmorino,&#8230;), ou bien pr\u00e9f\u00e9rez-vous une <strong>mati\u00e8re<\/strong> plus tendance comme le <strong>b\u00e9ton cir\u00e9<\/strong> &#8230;?<br \/>\nJe suis l\u00e0 pour vous <strong>conseiller<\/strong> pour la r\u00e9alisation de votre projet et sur le choix des produits \u00e0 utiliser.<\/p>\n","protected":false},"excerpt":{"rendered":"<p>Artisan peintre sur Aix-en-Provence je vous propose mes services et mes conseils pour la r\u00e9alisation de vos travaux: r\u00e9novation, neuf, rafra\u00eechissement, d\u00e9g\u00e2ts des&nbsp; eaux, d\u00e9coration &#8230; J&rsquo;adapte mon intervention \u00e0 vos besoins et utilise des peintures de qualit\u00e9 r\u00e9pondant aux normes et \u00e0 faible teneur en COV. Vous souhaitez faire r\u00e9aliser de belles finitions avec [&hellip;]<\/p>\n","protected":false},"author":1,"featured_media":0,"parent":0,"menu_order":0,"comment_status":"closed","ping_status":"closed","template":"","meta":[],"_links":{"self":[{"href":"https:\/\/artisanpeintre.com\/index.php\/wp-json\/wp\/v2\/pages\/175"}],"collection":[{"href":"https:\/\/artisanpeintre.com\/index.php\/wp-json\/wp\/v2\/pages"}],"about":[{"href":"https:\/\/artisanpeintre.com\/index.php\/wp-json\/wp\/v2\/types\/page"}],"author":[{"embeddable":true,"href":"https:\/\/artisanpeintre.com\/index.php\/wp-json\/wp\/v2\/users\/1"}],"replies":[{"embeddable":true,"href":"https:\/\/artisanpeintre.com\/index.php\/wp-json\/wp\/v2\/comments?post=175"}],"version-history":[{"count":17,"href":"https:\/\/artisanpeintre.com\/index.php\/wp-json\/wp\/v2\/pages\/175\/revisions"}],"predecessor-version":[{"id":373,"href":"https:\/\/artisanpeintre.com\/index.php\/wp-json\/wp\/v2\/pages\/175\/revisions\/373"}],"wp:attachment":[{"href":"https:\/\/artisanpeintre.com\/index.php\/wp-json\/wp\/v2\/media?parent=175"}],"curies":[{"name":"wp","href":"https:\/\/api.w.org\/{rel}","templated":true}]}}